{"id":5921,"date":"2025-09-18T09:57:34","date_gmt":"2025-09-18T07:57:34","guid":{"rendered":"https:\/\/periodismo.umh.es\/?page_id=5921"},"modified":"2025-11-17T16:26:32","modified_gmt":"2025-11-17T15:26:32","slug":"20-periodismo-umh-inscritos","status":"publish","type":"page","link":"https:\/\/periodismo.umh.es\/en\/20-periodismo-umh-inscritos\/","title":{"rendered":"20 Journalism UMH \u00b7 Enrolled"},"content":{"rendered":"<p><\/p>\n<h2 data-start=\"223\" data-end=\"230\">2010<\/h2>\n<ul>\n<li>Irene Abad Berenguer<\/li>\n<li>Mar\u00eda Nerea \u00c1lvarez<\/li>\n<li>Jesica Andreu Ato<\/li>\n<li>J\u00e9ssica Aniorte Mag\u00edn<\/li>\n<li>F\u00e9lix Arias<\/li>\n<li>Daniel Ayas Gallego<\/li>\n<li>Jose Berenguer Falc\u00f3<\/li>\n<li>Paola Bern\u00e1 Rubio<\/li>\n<li>Celia Carretero Caba\u00f1ero<\/li>\n<li>Miguel Carvajal Prieto<\/li>\n<li>Jos\u00e9 Vte. Casta\u00f1o Berenguer<\/li>\n<li>Pablo Coderch Mallol<\/li>\n<li>Chuse (Mar\u00eda Jos\u00e9) Congost Mar\u00edn<\/li>\n<li>Lorena C\u00f3rcoles Borr\u00e1s<\/li>\n<li>Ana Fajardo Mart\u00ednez<\/li>\n<li>Magal\u00ed Fern\u00e1ndez Rosaschi<\/li>\n<li>Rub\u00e9n Ferrandez<\/li>\n<li>Rosa Maria Ferrer Ceresola<\/li>\n<li>Jos\u00e9 Luis Ferris<\/li>\n<li>Jose Alberto Garcia Aviles<\/li>\n<li>Macarena Hern\u00e1ndez Mateo<\/li>\n<li>Javier Iv\u00e1\u00f1ez L\u00f3pez<\/li>\n<li>Alejandra Jim\u00e9nez G\u00f3mez<\/li>\n<li>Marta Juan Segura<\/li>\n<li>Montserrat Jurado<\/li>\n<li>Aida Laporta Gonz\u00e1lvez<\/li>\n<li>Silvia L\u00f3pez Talens<\/li>\n<li>Vicente Mart\u00ednez Ayala<\/li>\n<li>Marco Mart\u00ednez S\u00e1nchez<\/li>\n<li>Virginia Mendoza Benavente<\/li>\n<li>Gema Mir\u00f3n D\u00edaz<\/li>\n<li>Gema Morcillo Rodr\u00edguez<\/li>\n<li>Carlos Mu\u00f1oz Julve<\/li>\n<li>Alexandra Murcia Navarro<\/li>\n<li>Leticia Murillo P\u00e9rez<\/li>\n<li>Juan Navarro<\/li>\n<li>Ana\u00efs Ord\u00f3\u00f1ez<\/li>\n<li>Miguel \u00c1ngel Rives Mart\u00ednez<\/li>\n<li>Lucia Roche Mart\u00ednez<\/li>\n<li>Cristina Serrano Garc\u00eda<\/li>\n<li>Lourdes Tapiador D\u00edaz<\/li>\n<li>V\u00edctor Tom\u00e0s Meli\u00e0<\/li>\n<\/ul>\n<hr data-start=\"1368\" data-end=\"1371\">\n<h2 data-start=\"1373\" data-end=\"1380\">2011<\/h2>\n<ul>\n<li data-start=\"1383\" data-end=\"1404\">Antonio Ricardo Aniorte<\/li>\n<li data-start=\"1383\" data-end=\"1404\">Andr\u00e9s Cabrera Bernab\u00e9<\/li>\n<li data-start=\"1383\" data-end=\"1404\">Alicia De Lara Gonz\u00e1lez<\/li>\n<li data-start=\"1383\" data-end=\"1404\">Luis Fern\u00e1ndez Bonilla<\/li>\n<li data-start=\"1383\" data-end=\"1404\">Antonio Garc\u00eda P\u00e9rez<\/li>\n<li data-start=\"1383\" data-end=\"1404\">Daniel Gonz\u00e1lvez Pelegr\u00edn<\/li>\n<li data-start=\"1383\" data-end=\"1404\">Alejandra Lorente Ruiz<\/li>\n<li data-start=\"1383\" data-end=\"1404\">Laura Lorenzo Arnau<\/li>\n<li data-start=\"1383\" data-end=\"1404\">Nuria Mart\u00ednez Al\u00e9s<\/li>\n<li data-start=\"1383\" data-end=\"1404\">Vanesa Mirasol Crespo<\/li>\n<li data-start=\"1383\" data-end=\"1404\">Sol Segura Abad<\/li>\n<li data-start=\"1383\" data-end=\"1404\">Arturo Trapote<\/li>\n<li>Seila Zafra Hern\u00e1ndez<\/li>\n<\/ul>\n<hr data-start=\"1798\" data-end=\"1801\">\n<h2 data-start=\"1803\" data-end=\"1810\">2012<\/h2>\n<ul>\n<li data-start=\"1813\" data-end=\"1835\">Triana Bueno Sempere<\/li>\n<li data-start=\"1838\" data-end=\"1858\">Carlos Gumiel Juan<\/li>\n<li data-start=\"1861\" data-end=\"1884\">Mois\u00e9s Mart\u00ednez Jover<\/li>\n<li data-start=\"1887\" data-end=\"1913\">Raquel Mart\u00ednez Mart\u00ednez<\/li>\n<li data-start=\"1916\" data-end=\"1949\">Jos\u00e9 Antonio Mart\u00ednez Rodr\u00edguez<\/li>\n<li data-start=\"1952\" data-end=\"1980\">Crist\u00f3bal Mart\u00ednez Sanchez<\/li>\n<li data-start=\"1983\" data-end=\"2007\">Sheila Montes Martinez<\/li>\n<li data-start=\"2010\" data-end=\"2029\">Rub\u00e9n Montes S\u00e1ez<\/li>\n<li>Roc\u00edo Navarrete Garc\u00eda<\/li>\n<li>Mireia Pascual Moll\u00e1<\/li>\n<li data-start=\"2150\" data-end=\"2172\">Alba Rocher Trescoli<\/li>\n<li data-start=\"2247\" data-end=\"2271\">Daniel Valero Carreras<\/li>\n<\/ul>\n<hr data-start=\"2273\" data-end=\"2276\">\n<h2 data-start=\"2278\" data-end=\"2285\">2013<\/h2>\n<ul>\n<li data-start=\"2288\" data-end=\"2309\"><span data-sheets-root=\"1\">Vicente Coves Mora<\/span><\/li>\n<li data-start=\"2288\" data-end=\"2309\">Isabel Egido Mateos<\/li>\n<li data-start=\"2312\" data-end=\"2332\">Fran Esteva Sierra<\/li>\n<li>Inma lara<\/li>\n<li data-start=\"2397\" data-end=\"2423\">Jos\u00e9 Ram\u00f3n Narejos G\u00f3mez<\/li>\n<li>Mar\u00eda del Carmen Pedre\u00f1o G\u00f3mez<\/li>\n<li data-start=\"2488\" data-end=\"2502\">Isabel Rom\u00e1n<\/li>\n<li data-start=\"2505\" data-end=\"2527\">Pablo Serrano Canals<\/li>\n<\/ul>\n<hr data-start=\"2529\" data-end=\"2532\">\n<h2 data-start=\"2534\" data-end=\"2541\">2014<\/h2>\n<ul>\n<li data-start=\"2544\" data-end=\"2570\">Alexandra Esclapez Bonet<\/li>\n<li data-start=\"2573\" data-end=\"2593\">Gema Gozalves Diaz<\/li>\n<li>Daniel Mu\u00f1oz Guerrero<\/li>\n<li data-start=\"2712\" data-end=\"2731\">Dimas Pardo L\u00f3pez<\/li>\n<li data-start=\"2734\" data-end=\"2756\">David Rubio de Ant\u00f3n<\/li>\n<li data-start=\"2759\" data-end=\"2779\">Gema Rubio Navarro<\/li>\n<li data-start=\"2782\" data-end=\"2806\">Jorge Salazar Martinez<\/li>\n<li data-start=\"2809\" data-end=\"2829\">Abel Viudes Plazas<\/li>\n<\/ul>\n<hr data-start=\"2831\" data-end=\"2834\">\n<h2 data-start=\"2836\" data-end=\"2843\">2015<\/h2>\n<ul>\n<li data-start=\"2846\" data-end=\"2876\">Jos\u00e9 Manuel Corrales Pomares<\/li>\n<li data-start=\"2879\" data-end=\"2898\">Lis Gaibar Garc\u00eda<\/li>\n<li data-start=\"2901\" data-end=\"2921\">Alba Garc\u00eda Ortega<\/li>\n<li data-start=\"2901\" data-end=\"2921\"><span data-sheets-root=\"1\">Ana Juan Montero (MIP)<\/span><\/li>\n<li data-start=\"2924\" data-end=\"2945\">Andr\u00e9s Maestre Cano<\/li>\n<li data-start=\"2948\" data-end=\"2978\">Cristian Ram\u00f3n Mar\u00edn Sanchiz<\/li>\n<li data-start=\"2981\" data-end=\"3014\">Marina Gisela Mart\u00ednez Campillo<\/li>\n<li>Jos\u00e9 Alberto Palma Garc\u00eda<\/li>\n<li data-start=\"3075\" data-end=\"3099\">Roberto Prada Gonz\u00e1lez<\/li>\n<li data-start=\"3102\" data-end=\"3123\">Rocio Rubio Maestre<\/li>\n<li data-start=\"3126\" data-end=\"3152\">Jos\u00e9 Mar\u00eda Valero Pastor<\/li>\n<li data-start=\"3126\" data-end=\"3152\"><span data-sheets-root=\"1\">Jos\u00e9 Antonio Moya Montoya (MIP)<\/span><\/li>\n<\/ul>\n<hr data-start=\"3154\" data-end=\"3157\">\n<h2 data-start=\"3159\" data-end=\"3166\">2016<\/h2>\n<ul>\n<li>Jes\u00fas Cuevas Alcolea<\/li>\n<li>Ariadna L\u00f3pez Gallego (MIP)<\/li>\n<li data-start=\"3218\" data-end=\"3237\">Alba Moll\u00e1 Agull\u00f3<\/li>\n<li data-start=\"3240\" data-end=\"3264\">Samanta Sempere Andreu<\/li>\n<\/ul>\n<hr data-start=\"3266\" data-end=\"3269\">\n<h2 data-start=\"3271\" data-end=\"3278\">2017<\/h2>\n<ul>\n<li>Elena Hita Piera<\/li>\n<li>Bea Mart\u00ednez (MIP)<\/li>\n<li>Adriana Prados Chaler<\/li>\n<\/ul>\n<hr data-start=\"3400\" data-end=\"3403\">\n<h2 data-start=\"3405\" data-end=\"3412\">2018<\/h2>\n<ul>\n<li>Marina Gonz\u00e1lez Maci\u00e1<\/li>\n<li data-start=\"3464\" data-end=\"3488\">Inmaculada L\u00f3pez Reina<\/li>\n<li data-start=\"3491\" data-end=\"3514\">V\u00edctor Mart\u00ednez Maci\u00e1<\/li>\n<li data-start=\"3491\" data-end=\"3514\"><span data-sheets-root=\"1\">Itziar Mart\u00ednez Mart\u00ednez<\/span><\/li>\n<\/ul>\n<hr data-start=\"3516\" data-end=\"3519\">\n<h2 data-start=\"3521\" data-end=\"3528\">2019<\/h2>\n<ul>\n<li data-start=\"3531\" data-end=\"3557\">Enrique Fern\u00e1ndez Arques<\/li>\n<li data-start=\"3560\" data-end=\"3579\">Jos\u00e9 Filiu Casado<\/li>\n<li data-start=\"3582\" data-end=\"3603\">Paula Garc\u00eda Beltr\u00e1<\/li>\n<li data-start=\"3606\" data-end=\"3631\">Ver\u00f3nica Maci\u00e1 Richarte<\/li>\n<li data-start=\"3634\" data-end=\"3657\">D\u00e1maso Mond\u00e9jar Ar\u00e1ez<\/li>\n<li data-start=\"3660\" data-end=\"3683\">David Montoya Herrera<\/li>\n<\/ul>\n<hr data-start=\"3685\" data-end=\"3688\">\n<h2 data-start=\"3690\" data-end=\"3697\">2020<\/h2>\n<ul>\n<li>Adri\u00e1n Gim\u00e9nez D\u00edaz<\/li>\n<li>Claudia Saumell Castell\u00f3<\/li>\n<\/ul>\n<hr data-start=\"3803\" data-end=\"3806\">\n<h2 data-start=\"3808\" data-end=\"3815\">2021<\/h2>\n<ul data-start=\"3816\" data-end=\"3839\">\n<li data-start=\"3816\" data-end=\"3839\">\n<p data-start=\"3818\" data-end=\"3839\">Kevin Carri\u00f3 Mi\u00f1ana<\/p>\n<\/li>\n<\/ul>\n<hr data-start=\"3841\" data-end=\"3844\">\n<h2 data-start=\"3846\" data-end=\"3853\">2022<\/h2>\n<ul>\n<li data-start=\"3856\" data-end=\"3883\">Antonio Jos\u00e9 Fuster Marco (MIP)<\/li>\n<li data-start=\"3886\" data-end=\"3906\">Borja Quiles Mor\u00e1n<\/li>\n<\/ul>\n<hr data-start=\"3908\" data-end=\"3911\">\n<h2 data-start=\"3913\" data-end=\"3920\">2023<\/h2>\n<ul>\n<li data-start=\"3923\" data-end=\"3949\"><span data-sheets-root=\"1\">Janik Ivanyan Aleksanyan<\/span><\/li>\n<li data-start=\"3923\" data-end=\"3949\">Teresa Ferr\u00e1ndez Pomares<\/li>\n<li data-start=\"3952\" data-end=\"3983\">Miguel \u00c1ngel Garc\u00eda Hern\u00e1ndez<\/li>\n<li data-start=\"3986\" data-end=\"4008\">Noelia Garc\u00eda Moreno<\/li>\n<li data-start=\"4011\" data-end=\"4043\">Miguel Antonio Herrero Navarro<\/li>\n<li>Noelia Garcia<\/li>\n<li data-start=\"4091\" data-end=\"4112\">Mar\u00eda Quiles Blasco<\/li>\n<\/ul>\n<hr data-start=\"4114\" data-end=\"4117\">\n<h2 data-start=\"4119\" data-end=\"4126\">2024<\/h2>\n<ul>\n<li data-start=\"4129\" data-end=\"4161\">Lucas Aliaga de la Encarnaci\u00f3n<\/li>\n<li data-start=\"4164\" data-end=\"4186\">David Goz\u00e1lvez Mu\u00f1oz<\/li>\n<li data-start=\"4189\" data-end=\"4204\">Dilcia Tuozzo<\/li>\n<\/ul>\n<hr data-start=\"4206\" data-end=\"4209\">\n<h2 data-start=\"4211\" data-end=\"4218\">2025<\/h2>\n<ul data-start=\"4219\" data-end=\"4244\">\n<li data-start=\"4219\" data-end=\"4244\">\n<p data-start=\"4221\" data-end=\"4244\">Antonio Bravo Alcaina<\/p>\n<\/li>\n<\/ul>\n<hr data-start=\"4246\" data-end=\"4249\">\n<h2 data-start=\"4251\" data-end=\"4258\">2026<\/h2>\n<ul data-start=\"4259\" data-end=\"4279\">\n<li data-start=\"4259\" data-end=\"4279\">\n<p data-start=\"4261\" data-end=\"4279\">Celia Nevot Seva<\/p>\n<\/li>\n<\/ul>\n<hr data-start=\"4281\" data-end=\"4284\">\n<ul>\n<li data-start=\"4299\" data-end=\"4321\">Joaqu\u00edn Juan Penalva<\/li>\n<li>Jose Juan Lopez Esp\u00edn<\/li>\n<\/ul>\n<p>&nbsp;<\/p>\n<div>* If you do not see yourself on the list but you registered, you are not shown because you did not give consent for your name to be published.<\/div>\n<p><\/p>\n<div class='bookmarkify'><a name='bookmarkify'><\/a><div class='linkbuttons'><a href='http:\/\/www.facebook.com\/share.php?u=https:\/\/periodismo.umh.es\/en\/20-periodismo-umh-inscritos\/' title='Save to Facebook' onclick='target=\"_blank\";' rel='nofollow'><img src='https:\/\/periodismo.umh.es\/wp-content\/plugins\/bookmarkify\/facebook.png' style='width:16px; height:16px;' alt='[Facebook] ' \/><\/a> <a href='http:\/\/twitter.com\/home\/?status=20 Journalism UMH \u00b7 Enrolled+https:\/\/periodismo.umh.es\/en\/20-periodismo-umh-inscritos\/' title='Save to Twitter' onclick='target=\"_blank\";' rel='nofollow'><img src='https:\/\/periodismo.umh.es\/wp-content\/plugins\/bookmarkify\/twitter.png' style='width:16px; height:16px;' alt='[Twitter] ' \/><\/a> <\/div><\/div>","protected":false},"excerpt":{"rendered":"<p>2010<\/p>\n<p>Irene Abad Berenguer<br \/>\nMar\u00eda Nerea \u00c1lvarez<br \/>\nJesica Andreu Ato<br \/>\nJ\u00e9ssica Aniorte Mag\u00edn<br \/>\nF\u00e9lix Arias<br \/>\nDaniel Ayas Gallego<br \/>\nJose Berenguer Falc\u00f3<br \/>\nPaola Bern\u00e1 Rubio<br \/>\nCelia Carretero Caba\u00f1ero<br \/>\nMiguel Carvajal Prieto<br \/>\nJos\u00e9 Vte. Casta\u00f1o Berenguer<br \/>\nPablo Coderch Mallol<br \/>\nChuse (Mar\u00eda Jos\u00e9) Congost Mar\u00edn<br \/>\nLorena C\u00f3rcoles Borr\u00e1s<br \/>\nAna Fajardo Mart\u00ednez<br \/>\nMagal\u00ed Fern\u00e1ndez Rosaschi<br \/>\nRub\u00e9n Ferrandez<br \/>\nRosa Maria Ferrer Ceresola<br \/>\nJos\u00e9 Luis Ferris<br \/>\nJose Alberto Garcia Aviles<br \/>\nMacarena Hern\u00e1ndez Mateo<br \/>\nJavier Iv\u00e1\u00f1ez L\u00f3pez<br \/>\nAlejandra Jim\u00e9nez G\u00f3mez<br \/>\nMarta Juan Segura<br \/>\nMontserrat Jurado<br \/>\nAida Laporta Gonz\u00e1lvez<br \/>\nSilvia [&#8230;]<\/p>\n","protected":false},"author":205,"featured_media":0,"parent":0,"menu_order":0,"comment_status":"closed","ping_status":"closed","template":"","meta":{"ngg_post_thumbnail":0,"_links_to":"","_links_to_target":""},"_links":{"self":[{"href":"https:\/\/periodismo.umh.es\/en\/wp-json\/wp\/v2\/pages\/5921"}],"collection":[{"href":"https:\/\/periodismo.umh.es\/en\/wp-json\/wp\/v2\/pages"}],"about":[{"href":"https:\/\/periodismo.umh.es\/en\/wp-json\/wp\/v2\/types\/page"}],"author":[{"embeddable":true,"href":"https:\/\/periodismo.umh.es\/en\/wp-json\/wp\/v2\/users\/205"}],"replies":[{"embeddable":true,"href":"https:\/\/periodismo.umh.es\/en\/wp-json\/wp\/v2\/comments?post=5921"}],"version-history":[{"count":0,"href":"https:\/\/periodismo.umh.es\/en\/wp-json\/wp\/v2\/pages\/5921\/revisions"}],"wp:attachment":[{"href":"https:\/\/periodismo.umh.es\/en\/wp-json\/wp\/v2\/media?parent=5921"}],"curies":[{"name":"wp","href":"https:\/\/api.w.org\/{rel}","templated":true}]}}