{"id":3,"date":"2011-10-18T09:52:51","date_gmt":"2011-10-18T07:52:51","guid":{"rendered":"http:\/\/periodismo.umh.es\/presentacion\/"},"modified":"2025-11-24T12:34:33","modified_gmt":"2025-11-24T11:34:33","slug":"presentacion","status":"publish","type":"page","link":"https:\/\/periodismo.umh.es\/ca\/presentacion\/","title":{"rendered":"Presentaci\u00f3"},"content":{"rendered":"<p><\/p>\n<div>\n<p style=\"text-align: right\"><a href=\"https:\/\/periodismo.umh.es\/files\/2011\/10\/Estudio-Radio-Universitaria.-13-marzo-07-009.jpg\"><img loading=\"lazy\" class=\"alignleft size-full wp-image-18\" title=\"Estudio Radio Universitaria. 13 marzo 07 009\" src=\"https:\/\/periodismo.umh.es\/files\/2011\/10\/Estudio-Radio-Universitaria.-13-marzo-07-009.jpg\" alt=\"\" width=\"259\" height=\"172\" \/><\/a><\/p>\n<div style=\"text-align: justify\">\n<p>La titulaci\u00f3 de Periodisme de la *UMH \u00e9s una de les m\u00e9s din\u00e0miques de la nostra jove Universitat. M\u00e9s enll\u00e0 del treball en les aules, els alumnes d&#8217;aquesta titulaci\u00f3 s\u00f3n part\u00edcips curs despr\u00e9s de curs d&#8217;una activitat incessant, quasi fren\u00e8tica, amb din\u00e0miques encaminades a aconseguir el perfil professional que millor s&#8217;adapte al nou, complex, per\u00f2 tamb\u00e9 apassionant temps que els ha tocat viure. Jornades, congressos, seminaris internacionals, alguns en angl\u00e8s, premis, f\u00f2rums de periodisme, cursos, tallers, conformen un programa dissenyat perqu\u00e8 l&#8217;estudiant de Periodisme de la *UMH estiga en contacte permanent amb els professionals i coneguen de primera m\u00e0 l&#8217;entramat medi\u00e0tic que els envolten.<\/p>\n<p>En aquest sentit, des de la titulaci\u00f3 i en coordinaci\u00f3 amb l&#8217;Observatori Ocupacional es fomenten les pr\u00e0ctiques professionals, aix\u00ed com la mobilitat internacional i tamb\u00e9 nacional. Destaca positivament el creixement exponencial dels acords Erasmus, Destinaci\u00f3 i *Sicue que s\u00f3n aprofitats any rere any pels nostres estudiants, dels m\u00e9s inquiets de tota la *UMH a l&#8217;hora de viatjar, en sintonia amb la nostra primera Doctora Honoris causa, la periodista Rosa Mar\u00eda Calaf.<\/p>\n<p>Periodisme *UMH segueix creixent, prompte oferir\u00e0 el seu primer *master oficial, com ja ocorre amb el programa de Doctorat de Nous Models Period\u00edstics. Dins de la faceta investigadora, tres realitats ja consolidades. D&#8217;una banda el *GICOV (Grup d&#8217;Investigaci\u00f3 de la Comunicaci\u00f3 de la Comunitat Valenciana) que s&#8217;ha especialitzat en l&#8217;estudi i la investigaci\u00f3 del periodisme comarcal i del *ciberperiodismo de proximitat. En el si del *GICOV ha nascut un altre espai per a fer periodisme i investigar en periodisme, es tracta del *MediaLab *UMH, amb seu f\u00edsica en l&#8217;edifici Torreblanca. Finalment, per a la divulgaci\u00f3 de la investigaci\u00f3, Periodisme *UMH va posar fa ja dos anys al servei de la comunitat cient\u00edfica la revista &#8216;Miguel Hern\u00e1ndez *Communication *Journal&#8217; (*MHCJ). Tota aquesta miscel\u00b7l\u00e0nia conforma el *espiritu jove i emprenedor de Periodisme *UMH. Gaudeix-ho en aquesta Web i en les xarxes socials de la titulaci\u00f3..<\/p>\n<p style=\"text-align: right\"><strong>Prof. Dr. Jos\u00e9 Luis Gonz\u00e1lez<\/strong><br \/>\n<em>Vicedecano de Periodismo UMH<\/em><\/p>\n<\/div>\n<div style=\"text-align: right\"><strong><br \/>\n<\/strong><\/div>\n<\/div>\n<p><\/p>\n<div class='bookmarkify'><a name='bookmarkify'><\/a><div class='linkbuttons'><a href='http:\/\/www.facebook.com\/share.php?u=https:\/\/periodismo.umh.es\/ca\/presentacion\/' title='Save to Facebook' onclick='target=\"_blank\";' rel='nofollow'><img src='https:\/\/periodismo.umh.es\/wp-content\/plugins\/bookmarkify\/facebook.png' style='width:16px; height:16px;' alt='[Facebook] ' \/><\/a> <a href='http:\/\/twitter.com\/home\/?status=Presentaci\u00f3+https:\/\/periodismo.umh.es\/ca\/presentacion\/' title='Save to Twitter' onclick='target=\"_blank\";' rel='nofollow'><img src='https:\/\/periodismo.umh.es\/wp-content\/plugins\/bookmarkify\/twitter.png' style='width:16px; height:16px;' alt='[Twitter] ' \/><\/a> <\/div><\/div>","protected":false},"excerpt":{"rendered":"<p>La titulaci\u00f3 de Periodisme de la *UMH \u00e9s una de les m\u00e9s din\u00e0miques de la nostra jove Universitat. M\u00e9s enll\u00e0 del treball en les aules, els alumnes d&#8217;aquesta titulaci\u00f3 s\u00f3n part\u00edcips curs despr\u00e9s de curs d&#8217;una activitat incessant, quasi fren\u00e8tica, amb din\u00e0miques encaminades a aconseguir el perfil professional que millor s&#8217;adapte al nou, complex, per\u00f2 [&#8230;]<\/p>\n","protected":false},"author":1,"featured_media":0,"parent":0,"menu_order":10,"comment_status":"closed","ping_status":"closed","template":"","meta":{"ngg_post_thumbnail":0,"_links_to":"","_links_to_target":""},"_links":{"self":[{"href":"https:\/\/periodismo.umh.es\/ca\/wp-json\/wp\/v2\/pages\/3"}],"collection":[{"href":"https:\/\/periodismo.umh.es\/ca\/wp-json\/wp\/v2\/pages"}],"about":[{"href":"https:\/\/periodismo.umh.es\/ca\/wp-json\/wp\/v2\/types\/page"}],"author":[{"embeddable":true,"href":"https:\/\/periodismo.umh.es\/ca\/wp-json\/wp\/v2\/users\/1"}],"replies":[{"embeddable":true,"href":"https:\/\/periodismo.umh.es\/ca\/wp-json\/wp\/v2\/comments?post=3"}],"version-history":[{"count":0,"href":"https:\/\/periodismo.umh.es\/ca\/wp-json\/wp\/v2\/pages\/3\/revisions"}],"wp:attachment":[{"href":"https:\/\/periodismo.umh.es\/ca\/wp-json\/wp\/v2\/media?parent=3"}],"curies":[{"name":"wp","href":"https:\/\/api.w.org\/{rel}","templated":true}]}}